{"id":3120,"date":"2023-12-19T08:14:48","date_gmt":"2023-12-19T08:14:48","guid":{"rendered":"https:\/\/staging.moonspring.ch\/?page_id=3120"},"modified":"2025-07-14T12:38:09","modified_gmt":"2025-07-14T12:38:09","slug":"impressum","status":"publish","type":"page","link":"https:\/\/amiraprotein.com\/en\/impressum\/","title":{"rendered":"Impressum"},"content":{"rendered":"<div data-elementor-type=\"wp-page\" data-elementor-id=\"3120\" class=\"elementor elementor-3120\" data-elementor-post-type=\"page\">\n\t\t\t\t<div class=\"elementor-element elementor-element-dcdc6e7 e-flex e-con-boxed e-con e-parent\" data-id=\"dcdc6e7\" data-element_type=\"container\">\n\t\t\t\t\t<div class=\"e-con-inner\">\n\t\t\t\t<div class=\"elementor-element elementor-element-3b18bb5 elementor-widget elementor-widget-heading\" data-id=\"3b18bb5\" data-element_type=\"widget\" data-widget_type=\"heading.default\">\n\t\t\t\t<div class=\"elementor-widget-container\">\n\t\t\t\t\t<h1 class=\"elementor-heading-title elementor-size-default\">Legal Notice<\/h1>\t\t\t\t<\/div>\n\t\t\t\t<\/div>\n\t\t<div class=\"elementor-element elementor-element-c678c8f e-con-full e-flex e-con e-child\" data-id=\"c678c8f\" data-element_type=\"container\">\n\t\t\t\t<div class=\"elementor-element elementor-element-964aa2d elementor-widget elementor-widget-text-editor\" data-id=\"964aa2d\" data-element_type=\"widget\" data-widget_type=\"text-editor.default\">\n\t\t\t\t<div class=\"elementor-widget-container\">\n\t\t\t\t\t\t\t\t\t<p>We are pleased that you have chosen to visit our website and would like to inform you about certain legal matters. First, we would like to point out that access to and use of this website are subject to the following conditions. By accessing and browsing this website, you accept these conditions without limitation or reservation and without asserting any contrary provisions in other agreements between you and Trivamarca GmbH in this matter. Therefore, we kindly ask you not to use this website if you do not agree with these terms.<\/p>\t\t\t\t\t\t\t\t<\/div>\n\t\t\t\t<\/div>\n\t\t\t\t<div class=\"elementor-element elementor-element-7c2e4ba elementor-widget elementor-widget-text-editor\" data-id=\"7c2e4ba\" data-element_type=\"widget\" data-widget_type=\"text-editor.default\">\n\t\t\t\t<div class=\"elementor-widget-container\">\n\t\t\t\t\t\t\t\t\t<h3>Address and responsibility for the editorial content and the offerings on this website:<\/h3>\nTrivamarca GmbH<br \/>\nR\u00fctistrasse 66<br \/>\nCH-8032 Z\u00fcrich<br \/>\n<br \/>\n+41 (0)58 510 80 00<br \/>\ninfo@trivamarca.com\t\t\t\t\t\t\t\t<\/div>\n\t\t\t\t<\/div>\n\t\t\t\t<div class=\"elementor-element elementor-element-fb17e09 elementor-widget elementor-widget-text-editor\" data-id=\"fb17e09\" data-element_type=\"widget\" data-widget_type=\"text-editor.default\">\n\t\t\t\t<div class=\"elementor-widget-container\">\n\t\t\t\t\t\t\t\t\t<h3>Information on trademarks and copyrights:<\/h3>\n\u00a9 2021 Trivamarca GmbH, 8032 Zurich, Switzerland. All rights reserved, including third-party trademark rights. Furthermore, all products distributed by Trivamarca GmbH or manufactured on behalf of a third party are subject to the respective international trademark rights of the owners. For detailed information on this, please contact Trivamarca GmbH, Trademarks and Copyrights, R\u00fctistrasse 66, CH-8032 Zurich. Trivamarca provides no guarantee and accepts no liability that the material displayed on the website does not infringe the rights of third parties.\t\t\t\t\t\t\t\t<\/div>\n\t\t\t\t<\/div>\n\t\t\t\t<\/div>\n\t\t\t\t\t<\/div>\n\t\t\t\t<\/div>\n\t\t\t\t<\/div>","protected":false},"excerpt":{"rendered":"<p>IMPRESSUM Wir freuen uns, dass Sie sich f\u00fcr den Besuch unserer Website entschieden haben und informieren Sie hiermit \u00fcber einzelne Rechtsfragen. Zun\u00e4chst m\u00f6chten wir Sie darauf hinweisen, dass der Zugriff auf und die Nutzung dieser Website den folgenden Bedingungen unterliegt und Sie diese durch den Zugriff und das Browsen auf der Website ohne Einschr\u00e4nkung oder [&hellip;]<\/p>\n","protected":false},"author":3,"featured_media":9446,"parent":0,"menu_order":0,"comment_status":"closed","ping_status":"closed","template":"","meta":{"footnotes":""},"class_list":["post-3120","page","type-page","status-publish","has-post-thumbnail","hentry"],"_links":{"self":[{"href":"https:\/\/amiraprotein.com\/en\/wp-json\/wp\/v2\/pages\/3120","targetHints":{"allow":["GET"]}}],"collection":[{"href":"https:\/\/amiraprotein.com\/en\/wp-json\/wp\/v2\/pages"}],"about":[{"href":"https:\/\/amiraprotein.com\/en\/wp-json\/wp\/v2\/types\/page"}],"author":[{"embeddable":true,"href":"https:\/\/amiraprotein.com\/en\/wp-json\/wp\/v2\/users\/3"}],"replies":[{"embeddable":true,"href":"https:\/\/amiraprotein.com\/en\/wp-json\/wp\/v2\/comments?post=3120"}],"version-history":[{"count":51,"href":"https:\/\/amiraprotein.com\/en\/wp-json\/wp\/v2\/pages\/3120\/revisions"}],"predecessor-version":[{"id":11973,"href":"https:\/\/amiraprotein.com\/en\/wp-json\/wp\/v2\/pages\/3120\/revisions\/11973"}],"wp:featuredmedia":[{"embeddable":true,"href":"https:\/\/amiraprotein.com\/en\/wp-json\/wp\/v2\/media\/9446"}],"wp:attachment":[{"href":"https:\/\/amiraprotein.com\/en\/wp-json\/wp\/v2\/media?parent=3120"}],"curies":[{"name":"wp","href":"https:\/\/api.w.org\/{rel}","templated":true}]}}