{"id":3120,"date":"2023-12-19T08:14:48","date_gmt":"2023-12-19T08:14:48","guid":{"rendered":"https:\/\/staging.moonspring.ch\/?page_id=3120"},"modified":"2025-07-14T12:38:09","modified_gmt":"2025-07-14T12:38:09","slug":"impressum","status":"publish","type":"page","link":"https:\/\/amiraprotein.com\/ro\/impressum\/","title":{"rendered":"Impressum"},"content":{"rendered":"<div data-elementor-type=\"wp-page\" data-elementor-id=\"3120\" class=\"elementor elementor-3120\" data-elementor-post-type=\"page\">\n\t\t\t\t<div class=\"elementor-element elementor-element-dcdc6e7 e-flex e-con-boxed e-con e-parent\" data-id=\"dcdc6e7\" data-element_type=\"container\">\n\t\t\t\t\t<div class=\"e-con-inner\">\n\t\t\t\t<div class=\"elementor-element elementor-element-3b18bb5 elementor-widget elementor-widget-heading\" data-id=\"3b18bb5\" data-element_type=\"widget\" data-widget_type=\"heading.default\">\n\t\t\t\t<div class=\"elementor-widget-container\">\n\t\t\t\t\t<h1 class=\"elementor-heading-title elementor-size-default\">Datele de identificare<\/h1>\t\t\t\t<\/div>\n\t\t\t\t<\/div>\n\t\t<div class=\"elementor-element elementor-element-c678c8f e-con-full e-flex e-con e-child\" data-id=\"c678c8f\" data-element_type=\"container\">\n\t\t\t\t<div class=\"elementor-element elementor-element-964aa2d elementor-widget elementor-widget-text-editor\" data-id=\"964aa2d\" data-element_type=\"widget\" data-widget_type=\"text-editor.default\">\n\t\t\t\t<div class=\"elementor-widget-container\">\n\t\t\t\t\t\t\t\t\t<p>Ne bucur\u0103m c\u0103 a\u021bi decis s\u0103 vizita\u021bi site-ul nostru \u0219i, prin prezenta, v\u0103 inform\u0103m cu privire la anumite aspecte juridice. \u00cen primul r\u00e2nd, am dori s\u0103 subliniem faptul c\u0103 accesul la acest site web \u0219i utilizarea acestuia sunt supuse urm\u0103torilor termeni \u0219i condi\u021bii, pe care le accepta\u021bi prin accesarea \u0219i navigarea pe site, f\u0103r\u0103 restric\u021bii sau rezerve \u0219i f\u0103r\u0103 a invoca dispozi\u021bii contrare din alte acorduri \u00eencheiate \u00eentre dvs. \u0219i Trivamarca GmbH \u00een aceast\u0103 privin\u021b\u0103. Prin urmare, v\u0103 solicit\u0103m s\u0103 nu utiliza\u021bi acest site dac\u0103 nu sunte\u021bi de acord cu termenii \u0219i condi\u021biile.<\/p>\t\t\t\t\t\t\t\t<\/div>\n\t\t\t\t<\/div>\n\t\t\t\t<div class=\"elementor-element elementor-element-7c2e4ba elementor-widget elementor-widget-text-editor\" data-id=\"7c2e4ba\" data-element_type=\"widget\" data-widget_type=\"text-editor.default\">\n\t\t\t\t<div class=\"elementor-widget-container\">\n\t\t\t\t\t\t\t\t\t<h3>Adresa \u0219i responsabilitatea pentru con\u021binutul editorial \u0219i ofertele de pe acest site:<\/h3>\nTrivamarca GmbH<br \/>\nR\u00fctistrasse 66<br \/>\nCH-8032 Z\u00fcrich<br \/>\n<br \/>\n+41 (0)58 510 80 00<br \/>\ninfo@trivamarca.com\t\t\t\t\t\t\t\t<\/div>\n\t\t\t\t<\/div>\n\t\t\t\t<div class=\"elementor-element elementor-element-fb17e09 elementor-widget elementor-widget-text-editor\" data-id=\"fb17e09\" data-element_type=\"widget\" data-widget_type=\"text-editor.default\">\n\t\t\t\t<div class=\"elementor-widget-container\">\n\t\t\t\t\t\t\t\t\t<h3>Informa\u021bii privind m\u0103rcile comerciale \u0219i drepturile de autor:<\/h3>\n\u00a9 2021 Trivamarca GmbH, 8032 Z\u00fcrich, Elve\u021bia. Toate drepturile rezervate, inclusiv drepturile asupra m\u0103rcilor apar\u021bin\u00e2nd ter\u021bilor. \u00cen plus, toate produsele distribuite de Trivamarca GmbH sau fabricate \u00een numele unui ter\u021b sunt supuse drepturilor interna\u021bionale asupra m\u0103rcilor de\u021binute de titularii respectivi. Pentru informa\u021bii detaliate, v\u0103 rug\u0103m s\u0103 contacta\u021bi Trivamarca GmbH, M\u0103rci \u0219i Drepturi de Autor, R\u00fctistrasse 66, CH-8032 Z\u00fcrich. Trivamarca nu ofer\u0103 nicio garan\u021bie \u0219i nu \u00ee\u0219i asum\u0103 nicio r\u0103spundere cu privire la faptul c\u0103 materialul afi\u0219at pe site nu \u00eencalc\u0103 drepturile ter\u021bilor.\t\t\t\t\t\t\t\t<\/div>\n\t\t\t\t<\/div>\n\t\t\t\t<\/div>\n\t\t\t\t\t<\/div>\n\t\t\t\t<\/div>\n\t\t\t\t<\/div>","protected":false},"excerpt":{"rendered":"<p>IMPRESSUM Wir freuen uns, dass Sie sich f\u00fcr den Besuch unserer Website entschieden haben und informieren Sie hiermit \u00fcber einzelne Rechtsfragen. Zun\u00e4chst m\u00f6chten wir Sie darauf hinweisen, dass der Zugriff auf und die Nutzung dieser Website den folgenden Bedingungen unterliegt und Sie diese durch den Zugriff und das Browsen auf der Website ohne Einschr\u00e4nkung oder [&hellip;]<\/p>\n","protected":false},"author":3,"featured_media":9446,"parent":0,"menu_order":0,"comment_status":"closed","ping_status":"closed","template":"","meta":{"footnotes":""},"class_list":["post-3120","page","type-page","status-publish","has-post-thumbnail","hentry"],"_links":{"self":[{"href":"https:\/\/amiraprotein.com\/ro\/wp-json\/wp\/v2\/pages\/3120","targetHints":{"allow":["GET"]}}],"collection":[{"href":"https:\/\/amiraprotein.com\/ro\/wp-json\/wp\/v2\/pages"}],"about":[{"href":"https:\/\/amiraprotein.com\/ro\/wp-json\/wp\/v2\/types\/page"}],"author":[{"embeddable":true,"href":"https:\/\/amiraprotein.com\/ro\/wp-json\/wp\/v2\/users\/3"}],"replies":[{"embeddable":true,"href":"https:\/\/amiraprotein.com\/ro\/wp-json\/wp\/v2\/comments?post=3120"}],"version-history":[{"count":51,"href":"https:\/\/amiraprotein.com\/ro\/wp-json\/wp\/v2\/pages\/3120\/revisions"}],"predecessor-version":[{"id":11973,"href":"https:\/\/amiraprotein.com\/ro\/wp-json\/wp\/v2\/pages\/3120\/revisions\/11973"}],"wp:featuredmedia":[{"embeddable":true,"href":"https:\/\/amiraprotein.com\/ro\/wp-json\/wp\/v2\/media\/9446"}],"wp:attachment":[{"href":"https:\/\/amiraprotein.com\/ro\/wp-json\/wp\/v2\/media?parent=3120"}],"curies":[{"name":"wp","href":"https:\/\/api.w.org\/{rel}","templated":true}]}}